{"id":989,"date":"2022-07-25T15:10:39","date_gmt":"2022-07-25T13:10:39","guid":{"rendered":"https:\/\/master-watch-parts.com\/hinweise-zur-batterieentsorgung\/"},"modified":"2022-09-05T09:45:28","modified_gmt":"2022-09-05T07:45:28","slug":"battery-disposal-instructions","status":"publish","type":"page","link":"https:\/\/master-watch-parts.com\/en\/battery-disposal-instructions\/","title":{"rendered":"Battery Disposal Instructions"},"content":{"rendered":"\n<h3 class=\"wp-block-heading\"><strong>Notes on battery disposal<\/strong><\/h3>\n\n\n\n<p>(Last update 07\/21\/2022)<\/p>\n\n\n\n<p>In connection with the distribution of batteries or with the delivery of&nbsp;<\/p>\n\n\n\n<p>Devices that contain batteries, we are obliged to inform you of the following&nbsp;<\/p>\n\n\n\n<p>to point out:<\/p>\n\n\n\n<p>You are legally required to return used batteries as an end user&nbsp;<\/p>\n\n\n\n<p>committed. You can use old batteries that we have in our range as new batteries&nbsp;<\/p>\n\n\n\n<p>carry or have carried, free of charge at our dispatch warehouse&nbsp;<\/p>\n\n\n\n<p>Return <p>(shipping address). The symbols shown on the batteries&nbsp;<\/p><\/p>\n\n\n\n<p>have the following meaning:<\/p>\n\n\n\n<p>The symbol of the crossed-out garbage can means that the battery is not in&nbsp;<\/p>\n\n\n\n<p>can be given to household waste.<\/p>\n\n\n\n<p>Pb = battery contains more than 0.004% lead by mass<\/p>\n\n\n\n<p>Cd = battery contains more than 0.002% by mass of cadmium<\/p>\n\n\n\n<p>Hg = Battery contains more than 0.0005% by mass of mercury.<\/p>\n\n\n\n<p>Please note the above information.<\/p>\n\n\n\n<p><strong>Information for battery disposal<\/strong><\/p>\n\n\n\n<p>In connection with the sale of batteries or with the delivery of devices that&nbsp;<\/p>\n\n\n\n<p>contain batteries, are under obligation to bring the following to your&nbsp;<\/p>\n\n\n\n<p>attention:<\/p>\n\n\n\n<p>As the end user, you are legally under obligation to return used batteries. You&nbsp;<\/p>\n\n\n\n<p>can return old batteries, which offer or have offered in our new battery&nbsp;<\/p>\n\n\n\n<p>assortment, free of charge to our dispatch warehouse (dispatch address). The&nbsp;<\/p>\n\n\n\n<p>symbols showed on the batteries have the following meaning:<\/p>\n\n\n\n<p>The symbol of the crossed-out dustbin means that the battery may not be&nbsp;<\/p>\n\n\n\n<p>discarded with the household waste.<\/p>\n\n\n\n<p>Pb = Battery contains more than 0.004 percent by mass of Lead<\/p>\n\n\n\n<p>Cd = Battery contains more than 0.002 percent by mass of Cadmium<\/p>\n\n\n\n<p>Hg = Battery contains more than 0.0005 percent by mass of Mercury.<\/p>\n\n\n\n<p>Please pay attention to the above instructions.<\/p>\n\n\n\n<p><strong>Remark on the elimination of piles<\/strong><\/p>\n\n\n\n<p>Nous nous engagements \u00e0 vous advise sur les points suivants en relation avec la&nbsp;<\/p>\n\n\n\n<p>vente des piles ou la livraison des appareils qui content des piles&nbsp;:<\/p>\n\n\n\n<p>La legislation vous impose en tant qu&#8217;utilisateur \ufb01nal la restitution des piles et&nbsp;<\/p>\n\n\n\n<p>des batteries used. Vous pouvez restituer les piles usag\u00e9es que nous vendons&nbsp;<\/p>\n\n\n\n<p>ou avons vendues dans notre gamme de piles neuves gratuitement \u00e0 notre&nbsp;<\/p>\n\n\n\n<p>entrep\u00f4t d&#8217;exp\u00e9dition (address d&#8217;exp\u00e9dition). Les symbols represented sur les&nbsp;<\/p>\n\n\n\n<p>piles ont the signi\ufb01cation suivante :<\/p>\n\n\n\n<p>Le symbole de la poubelle barr\u00e9e signi\ufb01e que la pile ne doit pas \u00eatre jet\u00e9e avec&nbsp;<\/p>\n\n\n\n<p>les d\u00e9chets domestiques.<\/p>\n\n\n\n<p>Pb = the pile content plus the 0.004 mass of the fill<\/p>\n\n\n\n<p>Cd = the pile content plus the 0.002 mass of cadmium<\/p>\n\n\n\n<p>Hg = la pile content plus de 0.0005 de masse de mercure.<\/p>\n\n\n<p><!-- wp:paragraph -\n<\/p>--><\/p>","protected":false},"excerpt":{"rendered":"<p>Notes on battery disposal (Last update 07\/21\/2022) In connection with the distribution of batteries or with the delivery of&nbsp; Devices that contain batteries, we are obliged to inform you of the following&nbsp; to point out: You are legally required to return used batteries as an end user&nbsp; committed. You can use old batteries that we [&#8230;]\n","protected":false},"author":1,"featured_media":0,"parent":0,"menu_order":0,"comment_status":"closed","ping_status":"closed","template":"","meta":{"footnotes":""},"class_list":["post-989","page","type-page","status-publish","hentry"],"_links":{"self":[{"href":"https:\/\/master-watch-parts.com\/en\/wp-json\/wp\/v2\/pages\/989","targetHints":{"allow":["GET"]}}],"collection":[{"href":"https:\/\/master-watch-parts.com\/en\/wp-json\/wp\/v2\/pages"}],"about":[{"href":"https:\/\/master-watch-parts.com\/en\/wp-json\/wp\/v2\/types\/page"}],"author":[{"embeddable":true,"href":"https:\/\/master-watch-parts.com\/en\/wp-json\/wp\/v2\/users\/1"}],"replies":[{"embeddable":true,"href":"https:\/\/master-watch-parts.com\/en\/wp-json\/wp\/v2\/comments?post=989"}],"version-history":[{"count":0,"href":"https:\/\/master-watch-parts.com\/en\/wp-json\/wp\/v2\/pages\/989\/revisions"}],"wp:attachment":[{"href":"https:\/\/master-watch-parts.com\/en\/wp-json\/wp\/v2\/media?parent=989"}],"curies":[{"name":"wp","href":"https:\/\/api.w.org\/{rel}","templated":true}]}}